{"id":6693,"date":"2016-12-05T09:17:34","date_gmt":"2016-12-05T09:17:34","guid":{"rendered":"https:\/\/galleryofelements.ch\/index.php\/about-2-3\/"},"modified":"2023-08-24T14:18:45","modified_gmt":"2023-08-24T14:18:45","slug":"about","status":"publish","type":"page","link":"https:\/\/galleryofelements.ch\/index.php\/about\/","title":{"rendered":"\u00dcber mich"},"content":{"rendered":"\t\t<div data-elementor-type=\"wp-page\" data-elementor-id=\"6693\" class=\"elementor elementor-6693\">\n\t\t\t\t\t\t<section class=\"elementor-section elementor-top-section elementor-element elementor-element-c66f0da elementor-section-full_width elementor-section-height-default elementor-section-height-default\" data-id=\"c66f0da\" data-element_type=\"section\" data-e-type=\"section\">\n\t\t\t\t\t\t<div class=\"elementor-container elementor-column-gap-default\">\n\t\t\t\t\t<div class=\"elementor-column elementor-col-50 elementor-top-column elementor-element elementor-element-5d4700b\" data-id=\"5d4700b\" data-element_type=\"column\" data-e-type=\"column\">\n\t\t\t<div class=\"elementor-widget-wrap elementor-element-populated\">\n\t\t\t\t\t\t<div class=\"elementor-element elementor-element-a1367dc elementor-widget__width-initial elementor-widget elementor-widget-wpzoom-elementor-addons-team-members\" data-id=\"a1367dc\" data-element_type=\"widget\" data-e-type=\"widget\" data-widget_type=\"wpzoom-elementor-addons-team-members.default\">\n\t\t\t\t<div class=\"elementor-widget-container\">\n\t\t\t\t\t\n\t\t\t\t\t<figure class=\"wpz-member-figure\">\n\t\t\t\t<img fetchpriority=\"high\" decoding=\"async\" width=\"683\" height=\"1024\" src=\"https:\/\/galleryofelements.ch\/wp-content\/uploads\/2023\/04\/Taems_bewaerbigsbilder0092-683x1024.jpg\" class=\"elementor-animation-disable-animation attachment-large size-large wp-image-7307\" alt=\"\" srcset=\"https:\/\/galleryofelements.ch\/wp-content\/uploads\/2023\/04\/Taems_bewaerbigsbilder0092-683x1024.jpg 683w, https:\/\/galleryofelements.ch\/wp-content\/uploads\/2023\/04\/Taems_bewaerbigsbilder0092-200x300.jpg 200w, https:\/\/galleryofelements.ch\/wp-content\/uploads\/2023\/04\/Taems_bewaerbigsbilder0092-768x1151.jpg 768w, https:\/\/galleryofelements.ch\/wp-content\/uploads\/2023\/04\/Taems_bewaerbigsbilder0092-374x560.jpg 374w, https:\/\/galleryofelements.ch\/wp-content\/uploads\/2023\/04\/Taems_bewaerbigsbilder0092-600x900.jpg 600w, https:\/\/galleryofelements.ch\/wp-content\/uploads\/2023\/04\/Taems_bewaerbigsbilder0092.jpg 900w\" sizes=\"(max-width: 683px) 100vw, 683px\" \/>\t\t\t<\/figure>\n\t\t\n\t\t<div class=\"wpz-member-body\">\n\t\t\t<h2 class=\"wpz-member-name\">Tamara Walther<\/h2>\n\t\t\t\t\t\t\t<div class=\"wpz-member-position\">Eidg. Dipl. Fotografin HF<\/div>\n\t\t\t\n\t\t\t\n\t\t\t\n\t\t\t\n\t\t\t\t\t<\/div>\n\t\t\t\t\t\t<\/div>\n\t\t\t\t<\/div>\n\t\t\t\t\t<\/div>\n\t\t<\/div>\n\t\t\t\t<div class=\"elementor-column elementor-col-50 elementor-top-column elementor-element elementor-element-58acc1d\" data-id=\"58acc1d\" data-element_type=\"column\" data-e-type=\"column\">\n\t\t\t<div class=\"elementor-widget-wrap elementor-element-populated\">\n\t\t\t\t\t\t<div class=\"elementor-element elementor-element-d721671 elementor-widget__width-initial elementor-widget elementor-widget-text-editor\" data-id=\"d721671\" data-element_type=\"widget\" data-e-type=\"widget\" data-widget_type=\"text-editor.default\">\n\t\t\t\t<div class=\"elementor-widget-container\">\n\t\t\t\t\t\t\t\t\t<p style=\"text-align: left;\">Tamara wurde in Biel geboren und besuchte ab der 2. Klasse die Steinerschule in Biel.\u00a0<\/p><p>Nach der Ausbildung zur Mediamatikerin studierte sie Fotografie an der H\u00f6heren Fachschule in Baden.<\/p><p>Auch nach drei Jahren Studium hat sich eines nie ge\u00e4ndert:<br \/>die Faszination f\u00fcr das Unkontrollierbare &#8211; den Moment des Zufalls. \u00a0<\/p>\t\t\t\t\t\t\t\t<\/div>\n\t\t\t\t<\/div>\n\t\t\t\t\t<\/div>\n\t\t<\/div>\n\t\t\t\t\t<\/div>\n\t\t<\/section>\n\t\t\t\t<\/div>\n\t\t","protected":false},"excerpt":{"rendered":"<p>Tamara Walther Eidg. Dipl. Fotografin HF Tamara wurde in Biel geboren und besuchte ab der 2. Klasse die Steinerschule in Biel. Nach der Ausbildung zur Mediamatikerin studierte sie Fotografie an der H\u00f6heren Fachschule in Baden. Auch nach drei Jahren Studium hat sich eines nie ge\u00e4ndert: die Faszination f\u00fcr das Unkontrollierbare &#8211; den Moment des Zufalls.<\/p>\n","protected":false},"author":1,"featured_media":7462,"parent":0,"menu_order":0,"comment_status":"closed","ping_status":"closed","template":"","meta":{"inspiro_page_layout":"narrow","inspiro_hide_title":false,"footnotes":""},"class_list":["post-6693","page","type-page","status-publish","has-post-thumbnail","hentry"],"_links":{"self":[{"href":"https:\/\/galleryofelements.ch\/index.php\/wp-json\/wp\/v2\/pages\/6693","targetHints":{"allow":["GET"]}}],"collection":[{"href":"https:\/\/galleryofelements.ch\/index.php\/wp-json\/wp\/v2\/pages"}],"about":[{"href":"https:\/\/galleryofelements.ch\/index.php\/wp-json\/wp\/v2\/types\/page"}],"author":[{"embeddable":true,"href":"https:\/\/galleryofelements.ch\/index.php\/wp-json\/wp\/v2\/users\/1"}],"replies":[{"embeddable":true,"href":"https:\/\/galleryofelements.ch\/index.php\/wp-json\/wp\/v2\/comments?post=6693"}],"version-history":[{"count":50,"href":"https:\/\/galleryofelements.ch\/index.php\/wp-json\/wp\/v2\/pages\/6693\/revisions"}],"predecessor-version":[{"id":7464,"href":"https:\/\/galleryofelements.ch\/index.php\/wp-json\/wp\/v2\/pages\/6693\/revisions\/7464"}],"wp:featuredmedia":[{"embeddable":true,"href":"https:\/\/galleryofelements.ch\/index.php\/wp-json\/wp\/v2\/media\/7462"}],"wp:attachment":[{"href":"https:\/\/galleryofelements.ch\/index.php\/wp-json\/wp\/v2\/media?parent=6693"}],"curies":[{"name":"wp","href":"https:\/\/api.w.org\/{rel}","templated":true}]}}